{"id":50,"date":"2018-05-24T11:14:26","date_gmt":"2018-05-24T09:14:26","guid":{"rendered":"http:\/\/demo.athemes.com\/sydney-temp\/?page_id=2"},"modified":"2023-11-12T17:47:48","modified_gmt":"2023-11-12T15:47:48","slug":"maitre-geraldine-atthenont","status":"publish","type":"page","link":"https:\/\/s2gavocats.com\/de\/maitre-geraldine-atthenont\/","title":{"rendered":"Ma\u00eetre G\u00e9raldine ATTHENONT"},"content":{"rendered":"<div data-elementor-type=\"wp-post\" data-elementor-id=\"50\" class=\"elementor elementor-50\">\n\t\t\t\t\t\t<section class=\"elementor-section elementor-top-section elementor-element elementor-element-406f89af elementor-section-boxed elementor-section-height-default elementor-section-height-default\" data-id=\"406f89af\" data-element_type=\"section\">\n\t\t\t\t\t\t<div class=\"elementor-container elementor-column-gap-default\">\n\t\t\t\t\t<div class=\"elementor-column elementor-col-100 elementor-top-column elementor-element elementor-element-253494bb\" data-id=\"253494bb\" data-element_type=\"column\">\n\t\t\t<div class=\"elementor-widget-wrap elementor-element-populated\">\n\t\t\t\t\t\t<div class=\"elementor-element elementor-element-1ec610b elementor-widget elementor-widget-heading\" data-id=\"1ec610b\" data-element_type=\"widget\" data-widget_type=\"heading.default\">\n\t\t\t\t<div class=\"elementor-widget-container\">\n\t\t\t\t\t<h1 class=\"elementor-heading-title elementor-size-default\">Ma\u00eetre <span style=\"color:#d65050\">G<\/span>\u00e9raldine <span style=\"color:#d65050\">A<\/span>TTHENONT<\/h1>\t\t\t\t<\/div>\n\t\t\t\t<\/div>\n\t\t\t\t<div class=\"elementor-element elementor-element-4d4a936 elementor-widget elementor-widget-image\" data-id=\"4d4a936\" data-element_type=\"widget\" data-widget_type=\"image.default\">\n\t\t\t\t<div class=\"elementor-widget-container\">\n\t\t\t\t\t\t\t\t\t\t\t\t\t\t\t<img fetchpriority=\"high\" decoding=\"async\" width=\"480\" height=\"270\" src=\"https:\/\/s2gavocats.com\/wp-content\/uploads\/2019\/10\/geraldine-atthenont3-480x270.jpg\" class=\"attachment-sydney-mas-thumb size-sydney-mas-thumb wp-image-576\" alt=\"geraldine atthenont\" srcset=\"https:\/\/s2gavocats.com\/wp-content\/uploads\/2019\/10\/geraldine-atthenont3-480x270.jpg 480w, https:\/\/s2gavocats.com\/wp-content\/uploads\/2019\/10\/geraldine-atthenont3-300x169.jpg 300w, https:\/\/s2gavocats.com\/wp-content\/uploads\/2019\/10\/geraldine-atthenont3-768x432.jpg 768w, https:\/\/s2gavocats.com\/wp-content\/uploads\/2019\/10\/geraldine-atthenont3-830x467.jpg 830w, https:\/\/s2gavocats.com\/wp-content\/uploads\/2019\/10\/geraldine-atthenont3-230x129.jpg 230w, https:\/\/s2gavocats.com\/wp-content\/uploads\/2019\/10\/geraldine-atthenont3-350x197.jpg 350w, https:\/\/s2gavocats.com\/wp-content\/uploads\/2019\/10\/geraldine-atthenont3.jpg 1000w\" sizes=\"(max-width: 480px) 100vw, 480px\" \/>\t\t\t\t\t\t\t\t\t\t\t\t\t\t\t<\/div>\n\t\t\t\t<\/div>\n\t\t\t\t<div class=\"elementor-element elementor-element-7840f539 elementor-widget elementor-widget-text-editor\" data-id=\"7840f539\" data-element_type=\"widget\" data-widget_type=\"text-editor.default\">\n\t\t\t\t<div class=\"elementor-widget-container\">\n\t\t\t\t\t\t\t\t\t<p>G\u00e9raldin Atthenont hat ihr Jurastudium an der Universit\u00e4t von Montpellier absolviert, dort den Doktortitel im Sozial- und Arbeitsrecht erworben und anschlie\u00dfend die Bef\u00e4higung zur Aus\u00fcbung des Rechtsanwaltsberufs.<\/p><p>2014 ist sie als Partnerin in die Kanzlei eingetreten.<\/p><p>Ma\u00eetre ATTHENONT ber\u00e4t, begleitete und vertritt die Mandanten der Kanzlei  insbesondere in folgenden Rechtsgebieten :<\/p><p>Familienrecht,<\/p><p>Arbeitsrecht,<\/p><p>Haftungsrecht,<\/p><p>Immobilienpf\u00e4ndung, Zwangsversteigerung,<\/p><p>Mietrecht,<\/p><p>Strafrecht,<\/p><p>Geltendmachung von Schadensersatzanspr\u00fcchen durch Straftaten  vor dem Strafgericht<\/p>\t\t\t\t\t\t\t\t<\/div>\n\t\t\t\t<\/div>\n\t\t\t\t\t<\/div>\n\t\t<\/div>\n\t\t\t\t\t<\/div>\n\t\t<\/section>\n\t\t\t\t<\/div>","protected":false},"excerpt":{"rendered":"<p>Ma\u00eetre G\u00e9raldine ATTHENONT G\u00e9raldine Atthenont est titulaire d\u2019un Master II pratiques juridiques et judiciaires (Facult\u00e9 de droit de NIMES) et d\u2019un Doctorat [&hellip;]<\/p>","protected":false},"author":1,"featured_media":0,"parent":0,"menu_order":0,"comment_status":"closed","ping_status":"closed","template":"elementor_header_footer","meta":{"footnotes":""},"class_list":["post-50","page","type-page","status-publish","hentry"],"yoast_head":"<!-- This site is optimized with the Yoast SEO plugin v24.1 - https:\/\/yoast.com\/wordpress\/plugins\/seo\/ -->\n<title>Ma\u00eetre G\u00e9raldine ATTHENONT - S2GAvocats<\/title>\n<meta name=\"description\" content=\"Ma\u00eetre ATTHENONT vous conseille, assiste et repr\u00e9sente les clients du cabinet dans diff\u00e9rents domaines notamment droit p\u00e9nal, de la famille, du travail, etc\" \/>\n<meta name=\"robots\" content=\"index, follow, max-snippet:-1, max-image-preview:large, max-video-preview:-1\" \/>\n<link rel=\"canonical\" href=\"https:\/\/s2gavocats.com\/de\/maitre-geraldine-atthenont\/\" \/>\n<meta property=\"og:locale\" content=\"de_DE\" \/>\n<meta property=\"og:type\" content=\"article\" \/>\n<meta property=\"og:title\" content=\"Ma\u00eetre G\u00e9raldine ATTHENONT - S2GAvocats\" \/>\n<meta property=\"og:description\" content=\"Ma\u00eetre ATTHENONT vous conseille, assiste et repr\u00e9sente les clients du cabinet dans diff\u00e9rents domaines notamment droit p\u00e9nal, de la famille, du travail, etc\" \/>\n<meta property=\"og:url\" content=\"https:\/\/s2gavocats.com\/de\/maitre-geraldine-atthenont\/\" \/>\n<meta property=\"og:site_name\" content=\"S2GAvocats\" \/>\n<meta property=\"article:modified_time\" content=\"2023-11-12T15:47:48+00:00\" \/>\n<meta property=\"og:image\" content=\"https:\/\/s2gavocats.com\/wp-content\/uploads\/2019\/10\/geraldine-atthenont3-480x270.jpg\" \/>\n<meta name=\"twitter:card\" content=\"summary_large_image\" \/>\n<meta name=\"twitter:label1\" content=\"Gesch\u00e4tzte Lesezeit\" \/>\n\t<meta name=\"twitter:data1\" content=\"1\u00a0Minute\" \/>\n<script type=\"application\/ld+json\" class=\"yoast-schema-graph\">{\"@context\":\"https:\/\/schema.org\",\"@graph\":[{\"@type\":\"WebPage\",\"@id\":\"https:\/\/s2gavocats.com\/maitre-geraldine-atthenont\/\",\"url\":\"https:\/\/s2gavocats.com\/maitre-geraldine-atthenont\/\",\"name\":\"Ma\u00eetre G\u00e9raldine ATTHENONT - S2GAvocats\",\"isPartOf\":{\"@id\":\"https:\/\/s2gavocats.com\/#website\"},\"primaryImageOfPage\":{\"@id\":\"https:\/\/s2gavocats.com\/maitre-geraldine-atthenont\/#primaryimage\"},\"image\":{\"@id\":\"https:\/\/s2gavocats.com\/maitre-geraldine-atthenont\/#primaryimage\"},\"thumbnailUrl\":\"https:\/\/s2gavocats.com\/wp-content\/uploads\/2019\/10\/geraldine-atthenont3-480x270.jpg\",\"datePublished\":\"2018-05-24T09:14:26+00:00\",\"dateModified\":\"2023-11-12T15:47:48+00:00\",\"description\":\"Ma\u00eetre ATTHENONT vous conseille, assiste et repr\u00e9sente les clients du cabinet dans diff\u00e9rents domaines notamment droit p\u00e9nal, de la famille, du travail, etc\",\"breadcrumb\":{\"@id\":\"https:\/\/s2gavocats.com\/maitre-geraldine-atthenont\/#breadcrumb\"},\"inLanguage\":\"de\",\"potentialAction\":[{\"@type\":\"ReadAction\",\"target\":[\"https:\/\/s2gavocats.com\/maitre-geraldine-atthenont\/\"]}]},{\"@type\":\"ImageObject\",\"inLanguage\":\"de\",\"@id\":\"https:\/\/s2gavocats.com\/maitre-geraldine-atthenont\/#primaryimage\",\"url\":\"https:\/\/s2gavocats.com\/wp-content\/uploads\/2019\/10\/geraldine-atthenont3-480x270.jpg\",\"contentUrl\":\"https:\/\/s2gavocats.com\/wp-content\/uploads\/2019\/10\/geraldine-atthenont3-480x270.jpg\"},{\"@type\":\"BreadcrumbList\",\"@id\":\"https:\/\/s2gavocats.com\/maitre-geraldine-atthenont\/#breadcrumb\",\"itemListElement\":[{\"@type\":\"ListItem\",\"position\":1,\"name\":\"Accueil\",\"item\":\"https:\/\/s2gavocats.com\/\"},{\"@type\":\"ListItem\",\"position\":2,\"name\":\"Ma\u00eetre G\u00e9raldine ATTHENONT\"}]},{\"@type\":\"WebSite\",\"@id\":\"https:\/\/s2gavocats.com\/#website\",\"url\":\"https:\/\/s2gavocats.com\/\",\"name\":\"S2GAvocats\",\"description\":\"\",\"potentialAction\":[{\"@type\":\"SearchAction\",\"target\":{\"@type\":\"EntryPoint\",\"urlTemplate\":\"https:\/\/s2gavocats.com\/?s={search_term_string}\"},\"query-input\":{\"@type\":\"PropertyValueSpecification\",\"valueRequired\":true,\"valueName\":\"search_term_string\"}}],\"inLanguage\":\"de\"}]}<\/script>\n<!-- \/ Yoast SEO plugin. -->","yoast_head_json":{"title":"Ma\u00eetre G\u00e9raldine ATTHENONT - S2GAvocats","description":"Ma\u00eetre ATTHENONT vous conseille, assiste et repr\u00e9sente les clients du cabinet dans diff\u00e9rents domaines notamment droit p\u00e9nal, de la famille, du travail, etc","robots":{"index":"index","follow":"follow","max-snippet":"max-snippet:-1","max-image-preview":"max-image-preview:large","max-video-preview":"max-video-preview:-1"},"canonical":"https:\/\/s2gavocats.com\/de\/maitre-geraldine-atthenont\/","og_locale":"de_DE","og_type":"article","og_title":"Ma\u00eetre G\u00e9raldine ATTHENONT - S2GAvocats","og_description":"Ma\u00eetre ATTHENONT vous conseille, assiste et repr\u00e9sente les clients du cabinet dans diff\u00e9rents domaines notamment droit p\u00e9nal, de la famille, du travail, etc","og_url":"https:\/\/s2gavocats.com\/de\/maitre-geraldine-atthenont\/","og_site_name":"S2GAvocats","article_modified_time":"2023-11-12T15:47:48+00:00","og_image":[{"url":"https:\/\/s2gavocats.com\/wp-content\/uploads\/2019\/10\/geraldine-atthenont3-480x270.jpg","type":"","width":"","height":""}],"twitter_card":"summary_large_image","twitter_misc":{"Gesch\u00e4tzte Lesezeit":"1\u00a0Minute"},"schema":{"@context":"https:\/\/schema.org","@graph":[{"@type":"WebPage","@id":"https:\/\/s2gavocats.com\/maitre-geraldine-atthenont\/","url":"https:\/\/s2gavocats.com\/maitre-geraldine-atthenont\/","name":"Ma\u00eetre G\u00e9raldine ATTHENONT - S2GAvocats","isPartOf":{"@id":"https:\/\/s2gavocats.com\/#website"},"primaryImageOfPage":{"@id":"https:\/\/s2gavocats.com\/maitre-geraldine-atthenont\/#primaryimage"},"image":{"@id":"https:\/\/s2gavocats.com\/maitre-geraldine-atthenont\/#primaryimage"},"thumbnailUrl":"https:\/\/s2gavocats.com\/wp-content\/uploads\/2019\/10\/geraldine-atthenont3-480x270.jpg","datePublished":"2018-05-24T09:14:26+00:00","dateModified":"2023-11-12T15:47:48+00:00","description":"Ma\u00eetre ATTHENONT vous conseille, assiste et repr\u00e9sente les clients du cabinet dans diff\u00e9rents domaines notamment droit p\u00e9nal, de la famille, du travail, etc","breadcrumb":{"@id":"https:\/\/s2gavocats.com\/maitre-geraldine-atthenont\/#breadcrumb"},"inLanguage":"de","potentialAction":[{"@type":"ReadAction","target":["https:\/\/s2gavocats.com\/maitre-geraldine-atthenont\/"]}]},{"@type":"ImageObject","inLanguage":"de","@id":"https:\/\/s2gavocats.com\/maitre-geraldine-atthenont\/#primaryimage","url":"https:\/\/s2gavocats.com\/wp-content\/uploads\/2019\/10\/geraldine-atthenont3-480x270.jpg","contentUrl":"https:\/\/s2gavocats.com\/wp-content\/uploads\/2019\/10\/geraldine-atthenont3-480x270.jpg"},{"@type":"BreadcrumbList","@id":"https:\/\/s2gavocats.com\/maitre-geraldine-atthenont\/#breadcrumb","itemListElement":[{"@type":"ListItem","position":1,"name":"Accueil","item":"https:\/\/s2gavocats.com\/"},{"@type":"ListItem","position":2,"name":"Ma\u00eetre G\u00e9raldine ATTHENONT"}]},{"@type":"WebSite","@id":"https:\/\/s2gavocats.com\/#website","url":"https:\/\/s2gavocats.com\/","name":"S2GAvocats","description":"","potentialAction":[{"@type":"SearchAction","target":{"@type":"EntryPoint","urlTemplate":"https:\/\/s2gavocats.com\/?s={search_term_string}"},"query-input":{"@type":"PropertyValueSpecification","valueRequired":true,"valueName":"search_term_string"}}],"inLanguage":"de"}]}},"_links":{"self":[{"href":"https:\/\/s2gavocats.com\/de\/wp-json\/wp\/v2\/pages\/50","targetHints":{"allow":["GET"]}}],"collection":[{"href":"https:\/\/s2gavocats.com\/de\/wp-json\/wp\/v2\/pages"}],"about":[{"href":"https:\/\/s2gavocats.com\/de\/wp-json\/wp\/v2\/types\/page"}],"author":[{"embeddable":true,"href":"https:\/\/s2gavocats.com\/de\/wp-json\/wp\/v2\/users\/1"}],"replies":[{"embeddable":true,"href":"https:\/\/s2gavocats.com\/de\/wp-json\/wp\/v2\/comments?post=50"}],"version-history":[{"count":10,"href":"https:\/\/s2gavocats.com\/de\/wp-json\/wp\/v2\/pages\/50\/revisions"}],"predecessor-version":[{"id":698,"href":"https:\/\/s2gavocats.com\/de\/wp-json\/wp\/v2\/pages\/50\/revisions\/698"}],"wp:attachment":[{"href":"https:\/\/s2gavocats.com\/de\/wp-json\/wp\/v2\/media?parent=50"}],"curies":[{"name":"wp","href":"https:\/\/api.w.org\/{rel}","templated":true}]}}